{"id":85,"date":"2025-09-20T15:25:52","date_gmt":"2025-09-20T15:25:52","guid":{"rendered":"https:\/\/paulyszone.dk\/?page_id=85"},"modified":"2025-10-05T19:21:43","modified_gmt":"2025-10-05T19:21:43","slug":"uddannelse","status":"publish","type":"page","link":"https:\/\/paulyszone.dk\/index.php\/uddannelse\/","title":{"rendered":"UDDANNELSE"},"content":{"rendered":"<ul>\n<li><strong><span style=\"font-family: Inter, sans-serif; font-size: 16.8px;\">RAB-Zoneterapeut i 1999<\/span><\/strong><\/li>\n<\/ul>\n<div class=\"entry-content\">\n<p>I 1999 blev jeg uddannet zoneterapeut (RAB registreringsordningen tr\u00e5dte i kraft i 2004, og i 2005 blev jeg godkendt som Registreret Alternativ Behandler\/ RAB som zoneterapeut). Dette var min indgang til den alternative verden, hvor jeg b\u00e5de l\u00e6rte om zoneterapien, anatomi, fysiologi, sygdomsl\u00e6re, psykologi, kost og fik et indblik i andre behandlingsformer.<\/p>\n<ul>\n<li><strong>Mass\u00f8r i 2005<\/strong><\/li>\n<\/ul>\n<p>I 2005 blev jeg uddannet mass\u00f8r, hvilket var det perfekte supplement til min zoneterapeut uddannelse. Kombinationen af disse to uddannelser gav mig en unik viden og mulighed for at specificere mine behandlinger.<\/p>\n<ul>\n<li><strong>\u00d8reakupunkt\u00f8r i 2009<\/strong><\/li>\n<\/ul>\n<p>I 2009 supplerede jeg med en \u00f8reaakupunkt\u00f8r uddannelse. \u00d8reakupunktur er en anden m\u00e5de at behandle kroppen p\u00e5, ved kun at kigge p\u00e5 \u00f8ret. Hver del af \u00f8ret svarer til en del af kroppen, og p\u00e5 den m\u00e5de kan man behandle hele kroppen igennem \u00f8ret.<\/p>\n<ul>\n<li><strong>Diverse kurser i akupunktur2000 og traditionel kinesisk akupunktur i 2010<\/strong><\/li>\n<\/ul>\n<p>I 2010 tog jeg nogle supplerende kurser til at forbedre mine behandlinger.<\/p>\n<ul>\n<li><strong>Kranio sakral terapeut i 2018<\/strong><\/li>\n<\/ul>\n<p>I 2018 blev jeg uddannet kranio sakral terapeut. Kranio sakral terapi g\u00e5r ud p\u00e5 at bruge kroppens egne ressourcer til at helbrede sig med.<\/p>\n<p><em>Medlem af:<\/em><\/p>\n<p><a href=\"https:\/\/usercontent.one\/wp\/www.paulysfod.dk\/wp-content\/uploads\/2012\/02\/ZCT_Logo_small.jpg\"><img loading=\"lazy\" decoding=\"async\" class=\"alignnone size-full wp-image-216\" title=\"ZCT_Logo_small\" src=\"https:\/\/usercontent.one\/wp\/www.paulysfod.dk\/wp-content\/uploads\/2012\/02\/ZCT_Logo_small.jpg\" alt=\"\" width=\"105\" height=\"100\" \/><\/a><\/p>\n<\/div>\n","protected":false},"excerpt":{"rendered":"<p>RAB-Zoneterapeut i 1999 I 1999 blev jeg uddannet zoneterapeut (RAB registreringsordningen tr\u00e5dte i kraft i 2004, og i 2005 blev jeg godkendt som Registreret Alternativ Behandler\/ RAB som zoneterapeut). Dette var min indgang til den alternative verden, hvor jeg b\u00e5de l\u00e6rte om zoneterapien, anatomi, fysiologi, sygdomsl\u00e6re, psykologi, kost og fik et indblik i andre behandlingsformer. [&hellip;]<\/p>\n","protected":false},"author":1,"featured_media":0,"parent":0,"menu_order":0,"comment_status":"closed","ping_status":"closed","template":"","meta":{"footnotes":""},"class_list":["post-85","page","type-page","status-publish","hentry"],"_links":{"self":[{"href":"https:\/\/paulyszone.dk\/index.php\/wp-json\/wp\/v2\/pages\/85","targetHints":{"allow":["GET"]}}],"collection":[{"href":"https:\/\/paulyszone.dk\/index.php\/wp-json\/wp\/v2\/pages"}],"about":[{"href":"https:\/\/paulyszone.dk\/index.php\/wp-json\/wp\/v2\/types\/page"}],"author":[{"embeddable":true,"href":"https:\/\/paulyszone.dk\/index.php\/wp-json\/wp\/v2\/users\/1"}],"replies":[{"embeddable":true,"href":"https:\/\/paulyszone.dk\/index.php\/wp-json\/wp\/v2\/comments?post=85"}],"version-history":[{"count":4,"href":"https:\/\/paulyszone.dk\/index.php\/wp-json\/wp\/v2\/pages\/85\/revisions"}],"predecessor-version":[{"id":218,"href":"https:\/\/paulyszone.dk\/index.php\/wp-json\/wp\/v2\/pages\/85\/revisions\/218"}],"wp:attachment":[{"href":"https:\/\/paulyszone.dk\/index.php\/wp-json\/wp\/v2\/media?parent=85"}],"curies":[{"name":"wp","href":"https:\/\/api.w.org\/{rel}","templated":true}]}}