{"id":59,"date":"2025-09-20T15:23:15","date_gmt":"2025-09-20T15:23:15","guid":{"rendered":"https:\/\/paulyszone.dk\/?page_id=59"},"modified":"2025-09-20T17:31:14","modified_gmt":"2025-09-20T17:31:14","slug":"reaktioner","status":"publish","type":"page","link":"https:\/\/paulyszone.dk\/index.php\/reaktioner\/","title":{"rendered":"REAKTIONER"},"content":{"rendered":"<h2>\n<h3><strong>De hyppigste reaktioner p\u00e5 zoneterapi er:<\/strong><\/h3>\n<ul>\n<li>\u00d8mhed i tidligere sp\u00e6ndte muskler<\/li>\n<li>Afslappende tr\u00e6thed og dyb s\u00f8vn<\/li>\n<li>Svedafsondring over hele kroppen<\/li>\n<li>For\u00f8get vandlanding (rensning af blod og v\u00e6ske via nyrerne)<\/li>\n<li>Urinen bliver m\u00f8rk og grumset (udskillelse af slagger og giftstoffer)<\/li>\n<li>\u00d8get tarmfunktion (misfarvet, ubehagelig lugt og slimet)<\/li>\n<li>Udskillelse gennem n\u00e6se og sv\u00e6lg, snue og opspytning (renselse af hoved og \u00e5ndedr\u00e6tsorganer)<\/li>\n<li>Kortvarig opblussen af gamle sygdomme (ofte ved 2-3 behandling)<\/li>\n<li>Befriende gr\u00e5d<\/li>\n<li>Influenzalignende tilstande<\/li>\n<\/ul>\n<p>&nbsp;<\/p>\n<p>Hvis en eller flere af disse reaktioner kommer, er det en reaktion p\u00e5 zoneterapibehandlingen og i s\u00e5 fald er det vigtigt at klienten ikke stopper behandlingerne, ogs\u00e5 selv om reaktionerne af og til kan v\u00e6re ubehagelige.<\/p>\n<p>Dette er en positiv reaktion, som er et led i behandlingsforl\u00f8bet.<\/p>\n<p>Disse reaktioner skal alts\u00e5 ikke opfattes som en forv\u00e6rring af den almene helbredstilstand, men er tv\u00e6rtimod et bevis p\u00e5, at behandlingerne giver et resultat, og at bedringen er p\u00e5 vej.<\/p>\n<p>Det er vigtigt at drikke en del vand efter behandlingen, da zoneterapi bevirker at der udskilles en del affaldsstoffer.<\/p>\n","protected":false},"excerpt":{"rendered":"<p>De hyppigste reaktioner p\u00e5 zoneterapi er: \u00d8mhed i tidligere sp\u00e6ndte muskler Afslappende tr\u00e6thed og dyb s\u00f8vn Svedafsondring over hele kroppen For\u00f8get vandlanding (rensning af blod og v\u00e6ske via nyrerne) Urinen bliver m\u00f8rk og grumset (udskillelse af slagger og giftstoffer) \u00d8get tarmfunktion (misfarvet, ubehagelig lugt og slimet) Udskillelse gennem n\u00e6se og sv\u00e6lg, snue og opspytning (renselse [&hellip;]<\/p>\n","protected":false},"author":1,"featured_media":0,"parent":0,"menu_order":0,"comment_status":"closed","ping_status":"closed","template":"","meta":{"footnotes":""},"class_list":["post-59","page","type-page","status-publish","hentry"],"_links":{"self":[{"href":"https:\/\/paulyszone.dk\/index.php\/wp-json\/wp\/v2\/pages\/59","targetHints":{"allow":["GET"]}}],"collection":[{"href":"https:\/\/paulyszone.dk\/index.php\/wp-json\/wp\/v2\/pages"}],"about":[{"href":"https:\/\/paulyszone.dk\/index.php\/wp-json\/wp\/v2\/types\/page"}],"author":[{"embeddable":true,"href":"https:\/\/paulyszone.dk\/index.php\/wp-json\/wp\/v2\/users\/1"}],"replies":[{"embeddable":true,"href":"https:\/\/paulyszone.dk\/index.php\/wp-json\/wp\/v2\/comments?post=59"}],"version-history":[{"count":9,"href":"https:\/\/paulyszone.dk\/index.php\/wp-json\/wp\/v2\/pages\/59\/revisions"}],"predecessor-version":[{"id":151,"href":"https:\/\/paulyszone.dk\/index.php\/wp-json\/wp\/v2\/pages\/59\/revisions\/151"}],"wp:attachment":[{"href":"https:\/\/paulyszone.dk\/index.php\/wp-json\/wp\/v2\/media?parent=59"}],"curies":[{"name":"wp","href":"https:\/\/api.w.org\/{rel}","templated":true}]}}