{"id":51,"date":"2025-08-02T15:16:46","date_gmt":"2025-08-02T15:16:46","guid":{"rendered":"https:\/\/paulyszone.dk\/?page_id=51"},"modified":"2025-09-27T14:47:48","modified_gmt":"2025-09-27T14:47:48","slug":"behandlinger","status":"publish","type":"page","link":"https:\/\/paulyszone.dk\/index.php\/behandlinger\/","title":{"rendered":"BEHANDLINGER"},"content":{"rendered":"\n<h2 class=\"wp-block-heading\">ZONETERAPI<\/h2>\n\n\n\n<h3 class=\"wp-block-heading\"><strong>Behandlingen<\/strong><\/h3>\n\n\n\n<p>Zoneterapi er en behandlingsform, hvor der arbejdes med tryk p\u00e5 s\u00e6rlige omr\u00e5der kaldet reflekszoner p\u00e5 og under f\u00f8dderne. Disse zoner har forbindelse til forskellige dele af kroppen, og behandlingen udf\u00f8res med h\u00e6nderne gennem rolige, faste tryk, mens du ligger afslappet p\u00e5 en briks. Mange v\u00e6lger zoneterapi, n\u00e5r de \u00f8nsker en behandling, der arbejder mere indirekte med kroppen gennem f\u00f8dderne, fremfor direkte muskelarbejde som ved massage.<\/p>\n\n\n\n<p>Kroppen reagerer p\u00e5 stimuleringen af reflekszonerne, som kan fremme en f\u00f8lelse af balance og afsp\u00e6nding. Hvor massage arbejder direkte med musklerne, og kranio-sakral terapi fokuserer p\u00e5 lette ber\u00f8ringer af hoved, ryg og korsben, arbejder zoneterapi via f\u00f8ddernes trykpunkter for at p\u00e5virke kroppens generelle velbefindende.<\/p>\n\n\n\n<p>Det anbefales desuden at drikke vand efter behandlingen.<\/p>\n\n\n\n<h3 class=\"wp-block-heading\"><strong>Historien<\/strong><\/h3>\n\n\n\n<p>Zoneterapi er b\u00e5de en ny og gammel behandlingsform. Ny i den forstand, at vi f\u00f8rst i Danmark mere professionelt stiftede bekendtskab med zoneterapien i 70\u2019erne, og gammel, fordi behandlingsformen som et led i meridianssystemerne har v\u00e6ret benyttet i tusinder af \u00e5r i \u00d8sten. Zoneterapien ser ud til at have v\u00e6ret anvendt flere forskellige steder p\u00e5 jordkloden i fortiden i eksempelvis Kina, Mexico og \u00c6gypten.<\/p>\n\n\n\n<p>De \u00e6ldste optegnelser stammer fra Kina, og findes i \u201dVerdens \u00e6ldste l\u00e6gebog\u201dhvor Huang Di Nei Jing, beretter om universet og menneskets samh\u00f8righed med naturen, samt om den rette m\u00e5de, hvorp\u00e5 man med akupunktur kan helbrede sygdomme. Bogen er skrevet ca. \u00e5r 700 e. k., men den er sammensat af beretninger, som er g\u00e5et fra generation til generation, og som menes at stamme tilbage til tiden omkring \u201cDen gule Kejser\u201d, Huang Di, som levede omkring \u00e5r 2.500 f. k<br>Man kan forestille sig, hvordan l\u00e6gen oprindeligt sad og behandlede med zoneterapi, imens k\u00f8en af syge voksede. Han fandt derfor p\u00e5 at s\u00e6tte benstumper i punkterne, s\u00e5 han kunne n\u00e5 at behandle alle de syge. Senere blev benstumperne erstattet af n\u00e5le. S\u00e5 akupunkturen er en videreudvikling af zoneterapi og akupressur.<\/p>\n\n\n\n<p>I Tut&nbsp;Ankhmahors grav, kendt som l\u00e6gens grav, i Saqqara-\u00c6gypten, er fundet v\u00e6gmalerier af personer, der trykker hinanden p\u00e5 h\u00e6nder og f\u00f8dder. Disse malerier, der stammer fra 2330 f.K. i tiden, regnes for de \u00e6ldste beskrivelser af egentlig zoneterapibehandling.<\/p>\n\n\n\n<p>I 1920\u2019erne blev dette gamle erfaringsmateriale for f\u00f8rste gang systematiseret af den amerikanske speciall\u00e6ge, Dr. William Fitzgerald. Han inddelte kroppen i 10 lodrette zoner. Disse kropszoner har tilsvarende zoner p\u00e5 f\u00f8dderne og reflekterer til de organer(Feks. maven, tarmen, bl\u00e6ren osv.) i kroppen, som har forbindelse til de n\u00e6vnte zoner. I 1930\u2019erne videreudviklede den amerikanske mass\u00f8r Eunice Ingham Fitzgeralds ideer og sammen kortlagde de zonerne p\u00e5 f\u00f8dderne. Den tyske sygeplejerske og mass\u00f8r Hanne Marquardt var elev hos Ingham og tog sin viden med til Europa. Via Marquardt begyndte zoneterapi at blive kendt i Danmark i l\u00f8bet af 1970\u2019erne.<\/p>\n\n\n\n<p>En af Marquardts elever var danskeren Grethe Schmidt, som oprettede den f\u00f8rste egentlige zoneterapeutuddannelse i Danmark i 1972. I dag arbejder st\u00f8rstedelen af danske zoneterapeuter efter Inghams og Marquardts principper.<\/p>\n\n\n\n<div style=\"height:13px\" aria-hidden=\"true\" class=\"wp-block-spacer\"><\/div>\n\n\n\n<div class=\"wp-block-buttons has-custom-font-size has-medium-font-size is-content-justification-left is-layout-flex wp-container-core-buttons-is-layout-0bb440d2 wp-block-buttons-is-layout-flex\" style=\"border-radius:0px;margin-top:0;margin-bottom:0;padding-top:0;padding-bottom:0\">\n<div class=\"wp-block-button has-custom-width wp-block-button__width-25 is-style-fill\"><a class=\"wp-block-button__link has-medium-font-size has-text-align-center has-custom-font-size wp-element-button\" href=\"https:\/\/paulyszone.dk\/index.php\/book\" style=\"border-style:none;border-width:0px;border-radius:17px;padding-right:0;padding-left:0\">Book en tid<\/a><\/div>\n<\/div>\n\n\n\n<div style=\"height:71px\" aria-hidden=\"true\" class=\"wp-block-spacer\"><\/div>\n\n\n\n<h2 class=\"wp-block-heading\">MASSAGE<\/h2>\n\n\n\n<h3 class=\"wp-block-heading\"><strong>Behandling<\/strong><\/h3>\n\n\n\n<p>Massage er en manuel behandlingsform, hvor muskler og v\u00e6v bearbejdes med forskellige greb og tryk. Behandlingen kan tilpasses, s\u00e5 den enten er blid og afsp\u00e6ndende eller mere dybdeg\u00e5ende for at arbejde med omr\u00e5der, der f\u00f8les sp\u00e6ndte. Mange v\u00e6lger massage, n\u00e5r de \u00f8nsker en mere fysisk behandling, der arbejder direkte med muskulaturen, \u00f8ger kropsbevidstheden og skaber en fornemmelse af ro i kroppen.<\/p>\n\n\n\n<p>Kroppen reagerer p\u00e5 massagens tryk og bev\u00e6gelser, som kan stimulere blodgennemstr\u00f8mning, l\u00f8sne op i sp\u00e6ndte omr\u00e5der og give en generel f\u00f8lelse af velv\u00e6re. Hvor zoneterapi arbejder med f\u00f8ddernes reflekszoner, og kranio-sakral terapi bruger meget lette tryk, giver massage en mere direkte, fysisk p\u00e5virkning af muskler og bindev\u00e6v.<\/p>\n\n\n\n<p class=\"has-small-font-size\">Mange af mine kunder advarer dog om, at massagen kan v\u00e6re st\u00e6rkt vanedannende \ud83d\ude42 <\/p>\n\n\n\n<h3 class=\"wp-block-heading\"><strong>Historien<\/strong><\/h3>\n\n\n\n<p>Massage har en lang historie og er en af de \u00e6ldste former for manuel behandling, som kendes p\u00e5 tv\u00e6rs af mange kulturer. Der findes beskrivelser af massage i oldtidens Kina, Indien, Gr\u00e6kenland og Romerriget, hvor det blev brugt som en naturlig del af pleje, velv\u00e6re og restitution. I Kina omtales massage i de tidligste medicinske tekster som en metode til at fremme balance i kroppen, mens de gamle gr\u00e6kere anvendte det i forbindelse med sport og genoptr\u00e6ning. I det 19. \u00e5rhundrede blev den svenske fysiolog Per Henrik Ling kendt for at udvikle &#8220;den svenske massage&#8221;, som stadig danner grundlag for mange moderne massageteknikker. I dag findes der mange forskellige former for massage, der alle bygger videre p\u00e5 denne historiske viden, men tilpasses nutidens behov for afslapning, velv\u00e6re og muskul\u00e6r afsp\u00e6nding.<\/p>\n\n\n\n<div style=\"height:10px\" aria-hidden=\"true\" class=\"wp-block-spacer\"><\/div>\n\n\n\n<div class=\"wp-block-buttons has-custom-font-size has-medium-font-size is-content-justification-left is-layout-flex wp-container-core-buttons-is-layout-0bb440d2 wp-block-buttons-is-layout-flex\" style=\"border-radius:0px;margin-top:0;margin-bottom:0;padding-top:0;padding-bottom:0\">\n<div class=\"wp-block-button has-custom-width wp-block-button__width-25 is-style-fill\"><a class=\"wp-block-button__link has-medium-font-size has-text-align-center has-custom-font-size wp-element-button\" href=\"https:\/\/paulyszone.dk\/index.php\/book\" style=\"border-style:none;border-width:0px;border-radius:17px;padding-right:0;padding-left:0\">Book en tid<\/a><\/div>\n<\/div>\n\n\n\n<div style=\"height:71px\" aria-hidden=\"true\" class=\"wp-block-spacer\"><\/div>\n\n\n\n<h2 class=\"wp-block-heading\">KRANIO SAKRAL TERAPI<\/h2>\n\n\n\n<h3 class=\"wp-block-heading\"><strong>Behandling<\/strong><\/h3>\n\n\n\n<p>Kranio-sakral terapi er en blid, manuel behandlingsform, hvor der arbejdes med meget lette tryk \u2013 prim\u00e6rt p\u00e5 hoved, nakke, ryg og korsben. Behandlingen udf\u00f8res i rolige omgivelser, mens du ligger afslappet p\u00e5 en briks. Mange v\u00e6lger denne metode, n\u00e5r de \u00f8nsker en behandling med s\u00e6rlig fokus p\u00e5 ro, n\u00e6rv\u00e6r og fine, pr\u00e6cise teknikker frem for dybere muskelarbejde.<br data-start=\"738\" data-end=\"741\">Kroppen reagerer her p\u00e5 de blide ber\u00f8ringer, som kan p\u00e5virke sp\u00e6ndinger i bindev\u00e6v og muskler samt underst\u00f8tte kroppens egne rytmer og bev\u00e6gelser i kranio-sakralsystemet \u2013 det netv\u00e6rk af knogler, membraner og v\u00e6sker, der omgiver hjerne og rygmarv. Hvor massage ofte arbejder mere fysisk med musklerne, og zoneterapi fokuserer p\u00e5 tryk under f\u00f8dderne, adskiller kranio-sakral terapi sig ved at arbejde med subtile impulser og sm\u00e5 justeringer, der kan give en dyb f\u00f8lelse af afsp\u00e6nding.<\/p>\n\n\n\n<h3 class=\"wp-block-heading\"><strong>Historien<\/strong><\/h3>\n\n\n\n<p>Kranio-sakral terapi er en nyere behandlingsform, der blev udviklet i 1970\u2019erne af den amerikanske l\u00e6ge og osteopat Dr. John E. Upledger. Han videreudviklede principperne fra osteopatien efter at have observeret subtile rytmiske bev\u00e6gelser i kroppen, som han kaldte den kranio-sakrale rytme \u2013 en bev\u00e6gelse i membraner og v\u00e6sker omkring hjerne og rygmarv. Upledger mente, at blide tryk og justeringer kunne st\u00f8tte kroppens naturlige balance og funktion. Metoden har siden spredt sig til mange lande, hvor den i dag praktiseres af terapeuter med forskellige baggrunde, ofte i kombination med andre behandlingsformer.<\/p>\n\n\n\n<div style=\"height:7px\" aria-hidden=\"true\" class=\"wp-block-spacer\"><\/div>\n\n\n\n<div class=\"wp-block-buttons has-custom-font-size has-medium-font-size is-content-justification-left is-layout-flex wp-container-core-buttons-is-layout-0bb440d2 wp-block-buttons-is-layout-flex\" style=\"border-radius:0px;margin-top:0;margin-bottom:0;padding-top:0;padding-bottom:0\">\n<div class=\"wp-block-button has-custom-width wp-block-button__width-25 is-style-fill\"><a class=\"wp-block-button__link has-medium-font-size has-text-align-center has-custom-font-size wp-element-button\" href=\"https:\/\/paulyszone.dk\/index.php\/book\" style=\"border-style:none;border-width:0px;border-radius:17px;padding-right:0;padding-left:0\">Book en tid<\/a><\/div>\n<\/div>\n\n\n\n<div style=\"height:71px\" aria-hidden=\"true\" class=\"wp-block-spacer\"><\/div>\n\n\n\n<h2 class=\"wp-block-heading\">KOMBINERE BEHANDLINGER<\/h2>\n\n\n\n<p>Du kan ogs\u00e5 v\u00e6lge at kombinere de forskellige behandlinger for at f\u00e5 en behandling, der tilpasses dine individuelle behov og \u00f8nsker. Kombinationen af de forskellige metoder giver mulighed for at arbejde med kroppen p\u00e5 flere niveauer, b\u00e5de fysisk, indirekte via reflekszoner og gennem blide, pr\u00e6cise ber\u00f8ringer.<\/p>\n\n\n\n<p>Du kan fx starte med en afslappende kranio-sakral session, som skaber ro og n\u00e6rv\u00e6r, forts\u00e6tte med zoneterapi, der stimulerer kroppens reflekszoner gennem f\u00f8dderne, og afslutte med en dybdeg\u00e5ende massage, der l\u00f8sner op i muskulaturen. P\u00e5 den m\u00e5de arbejder vi helhedsorienteret med b\u00e5de sp\u00e6ndinger og velv\u00e6re.<\/p>\n\n\n\n<p>Du er altid velkommen til at kontakte mig for at h\u00f8re mere om mulighederne og f\u00e5 sammensat en behandling, der passer pr\u00e6cis til dig.<\/p>\n","protected":false},"excerpt":{"rendered":"<p>ZONETERAPI Behandlingen Zoneterapi er en behandlingsform, hvor der arbejdes med tryk p\u00e5 s\u00e6rlige omr\u00e5der kaldet reflekszoner p\u00e5 og under f\u00f8dderne. Disse zoner har forbindelse til forskellige dele af kroppen, og behandlingen udf\u00f8res med h\u00e6nderne gennem rolige, faste tryk, mens du ligger afslappet p\u00e5 en briks. Mange v\u00e6lger zoneterapi, n\u00e5r de \u00f8nsker en behandling, der arbejder [&hellip;]<\/p>\n","protected":false},"author":1,"featured_media":0,"parent":0,"menu_order":0,"comment_status":"closed","ping_status":"closed","template":"","meta":{"footnotes":""},"class_list":["post-51","page","type-page","status-publish","hentry"],"_links":{"self":[{"href":"https:\/\/paulyszone.dk\/index.php\/wp-json\/wp\/v2\/pages\/51","targetHints":{"allow":["GET"]}}],"collection":[{"href":"https:\/\/paulyszone.dk\/index.php\/wp-json\/wp\/v2\/pages"}],"about":[{"href":"https:\/\/paulyszone.dk\/index.php\/wp-json\/wp\/v2\/types\/page"}],"author":[{"embeddable":true,"href":"https:\/\/paulyszone.dk\/index.php\/wp-json\/wp\/v2\/users\/1"}],"replies":[{"embeddable":true,"href":"https:\/\/paulyszone.dk\/index.php\/wp-json\/wp\/v2\/comments?post=51"}],"version-history":[{"count":14,"href":"https:\/\/paulyszone.dk\/index.php\/wp-json\/wp\/v2\/pages\/51\/revisions"}],"predecessor-version":[{"id":214,"href":"https:\/\/paulyszone.dk\/index.php\/wp-json\/wp\/v2\/pages\/51\/revisions\/214"}],"wp:attachment":[{"href":"https:\/\/paulyszone.dk\/index.php\/wp-json\/wp\/v2\/media?parent=51"}],"curies":[{"name":"wp","href":"https:\/\/api.w.org\/{rel}","templated":true}]}}