{"id":2,"date":"2025-08-02T12:31:17","date_gmt":"2025-08-02T12:31:17","guid":{"rendered":"https:\/\/paulyszone.dk\/?page_id=2"},"modified":"2025-09-20T17:25:33","modified_gmt":"2025-09-20T17:25:33","slug":"sample-page","status":"publish","type":"page","link":"https:\/\/paulyszone.dk\/index.php\/sample-page\/","title":{"rendered":"FIRMA AFTALER"},"content":{"rendered":"\n<h2 class=\"wp-block-heading\"><strong>Personalepleje<\/strong><\/h2>\n\n\n<header class=\"entry-header\"><\/header>\n<div class=\"entry-content\">\n<p>Optimer dine medarbejderes fysiske og psykiske velv\u00e6re. Klinikken tilbyder firmaaftaler, hvor behandleren kommer ud p\u00e5 virksomheden og giver medarbejderne zoneterapi eller massage, eller I kan aftale, at jeres medarbejdere kan komme og f\u00e5 behandling p\u00e5 klinikken p\u00e5 Jernbane Alle 85, 2720 Vanl\u00f8se.<\/p>\n<\/div>\n\n<p><div class=\"entry-content\"><p>Behandlingerne varer typisk en halv time pr medarbejder, men de kan varierer efter firmaernes behov.<\/p><br><p><strong>Prisen for en time er fra 530,-.<\/strong><\/p><\/div><\/p>\n\n\n<div style=\"height:65px\" aria-hidden=\"true\" class=\"wp-block-spacer\"><\/div>\n\n\n\n<h2 class=\"wp-block-heading\"><strong>Referencer<\/strong><\/h2>\n\n\n\n<p><em>(nuv\u00e6rende og tidligere samarbejdspartnere)<\/em><\/p>\n\n\n<p><div class=\"entry-content\"><ul><li>Bella Center (2006-2012)<\/li><br><li>Bella Sky hotel (2011-2012)<\/li><br><li>B\u00f8rnehuset Radisen (2005-2016)<\/li><br><li>R\u00f8dkilde vuggestue (2005-2010)<\/li><br><li>Professionel.dk \u2013 tidligere FRB Sportsklinik Erhverv (2006-nuv\u00e6rende)<\/li><br><li>Forum Copenhagen (2006-2014)<\/li><br><li>Vuggestuen Haletudsen (2008-2010, 2017-nuv\u00e6rende)<\/li><br><li>Bellah\u00f8j b\u00f8rnehave (2006-2010)<\/li><br><li>DK Healthcare (2012-nuv\u00e6rende)<\/li><br><li>5teSted (2013-2015)<\/li><\/ul><\/div><\/p>","protected":false},"excerpt":{"rendered":"<p>Personalepleje Optimer dine medarbejderes fysiske og psykiske velv\u00e6re. Klinikken tilbyder firmaaftaler, hvor behandleren kommer ud p\u00e5 virksomheden og giver medarbejderne zoneterapi eller massage, eller I kan aftale, at jeres medarbejdere kan komme og f\u00e5 behandling p\u00e5 klinikken p\u00e5 Jernbane Alle 85, 2720 Vanl\u00f8se. Behandlingerne varer typisk en halv time pr medarbejder, men de kan varierer [&hellip;]<\/p>\n","protected":false},"author":1,"featured_media":0,"parent":0,"menu_order":0,"comment_status":"closed","ping_status":"open","template":"","meta":{"footnotes":""},"class_list":["post-2","page","type-page","status-publish","hentry"],"_links":{"self":[{"href":"https:\/\/paulyszone.dk\/index.php\/wp-json\/wp\/v2\/pages\/2","targetHints":{"allow":["GET"]}}],"collection":[{"href":"https:\/\/paulyszone.dk\/index.php\/wp-json\/wp\/v2\/pages"}],"about":[{"href":"https:\/\/paulyszone.dk\/index.php\/wp-json\/wp\/v2\/types\/page"}],"author":[{"embeddable":true,"href":"https:\/\/paulyszone.dk\/index.php\/wp-json\/wp\/v2\/users\/1"}],"replies":[{"embeddable":true,"href":"https:\/\/paulyszone.dk\/index.php\/wp-json\/wp\/v2\/comments?post=2"}],"version-history":[{"count":7,"href":"https:\/\/paulyszone.dk\/index.php\/wp-json\/wp\/v2\/pages\/2\/revisions"}],"predecessor-version":[{"id":144,"href":"https:\/\/paulyszone.dk\/index.php\/wp-json\/wp\/v2\/pages\/2\/revisions\/144"}],"wp:attachment":[{"href":"https:\/\/paulyszone.dk\/index.php\/wp-json\/wp\/v2\/media?parent=2"}],"curies":[{"name":"wp","href":"https:\/\/api.w.org\/{rel}","templated":true}]}}