{"id":184,"date":"2025-09-27T13:32:02","date_gmt":"2025-09-27T13:32:02","guid":{"rendered":"https:\/\/paulyszone.dk\/?page_id=184"},"modified":"2025-09-27T13:46:48","modified_gmt":"2025-09-27T13:46:48","slug":"book","status":"publish","type":"page","link":"https:\/\/paulyszone.dk\/index.php\/book\/","title":{"rendered":"BOOK"},"content":{"rendered":"<p><script src=\"https:\/\/paulysfod.app.geckobooking.dk\/site\/iframe.js?icCode=01dab42ba09b995715581c0fb365d994\" type=\"text\/javascript\"><\/script><\/p>\n<p style=\"text-align: center;\"><em>Info ang den nye\u00a0persondatabeskyttelsesforordning: N\u00e5r du logger ind i mit bookingsystem giver du hermed lov til, at jeg m\u00e5 registrere de oplysninger, som du taster ind. Jeg bruger dit navn, tlf og mail til at vide hvem du er og til at kunne kontakte dig i forbindelse med dine bookinger hos mig.\u00a0Derudover skriver jeg, hvis du kommer til behandling hos mig, lidt ned om \u00e5rsagen\/\u00e5rsagerne til, at du s\u00f8ger behandling hos mig, og evt ogs\u00e5 om dine tidligere sygdomme, gener, operationer mm, samt hvilke behandlinger (prim\u00e6rt zoneterapi, massage, kranio sakral terapi og akupunktur) jeg benytter. Disse oplysninger gemmer jeg ogs\u00e5, da jeg kan bruge dem fremadrettet, n\u00e5r du kommer til behandling hos mig.\u00a0Jeg gemmer alle disse oplysninger op til 5 \u00e5r, fra din sidste behandling hos mig. Det g\u00f8r jeg b\u00e5de af skatte tekniske \u00e5rsager, men ogs\u00e5 da jeg har erfaring med, at mine kunder godt kan vende tilbage efter 3-4 \u00e5r og \u00f8nske behandling igen, og s\u00e5 er det praktisk at kunne hive de gamle oplysninger frem igen. Du kan til en hver tid bede om at f\u00e5 slettet dine data hos mig,\u00a0dog skal du vide, at hvis du \u00f8nsker behandling igen, s\u00e5 skal du oprette dig p\u00e5 ny. Har du betalt med mobile pay, f\u00e5et indberettet behandlinger til Danmark eller et forsikringsselskab\/pensionsselskab, vil dit navn dog figurere i mit rengskab, som jeg skal gemme i 5 \u00e5r, og kan ikke slettes f\u00f8r der.<\/em><\/p>\n","protected":false},"excerpt":{"rendered":"<p>Info ang den nye\u00a0persondatabeskyttelsesforordning: N\u00e5r du logger ind i mit bookingsystem giver du hermed lov til, at jeg m\u00e5 registrere de oplysninger, som du taster ind. Jeg bruger dit navn, tlf og mail til at vide hvem du er og til at kunne kontakte dig i forbindelse med dine bookinger hos mig.\u00a0Derudover skriver jeg, hvis [&hellip;]<\/p>\n","protected":false},"author":1,"featured_media":0,"parent":0,"menu_order":0,"comment_status":"closed","ping_status":"closed","template":"","meta":{"footnotes":""},"class_list":["post-184","page","type-page","status-publish","hentry"],"_links":{"self":[{"href":"https:\/\/paulyszone.dk\/index.php\/wp-json\/wp\/v2\/pages\/184","targetHints":{"allow":["GET"]}}],"collection":[{"href":"https:\/\/paulyszone.dk\/index.php\/wp-json\/wp\/v2\/pages"}],"about":[{"href":"https:\/\/paulyszone.dk\/index.php\/wp-json\/wp\/v2\/types\/page"}],"author":[{"embeddable":true,"href":"https:\/\/paulyszone.dk\/index.php\/wp-json\/wp\/v2\/users\/1"}],"replies":[{"embeddable":true,"href":"https:\/\/paulyszone.dk\/index.php\/wp-json\/wp\/v2\/comments?post=184"}],"version-history":[{"count":10,"href":"https:\/\/paulyszone.dk\/index.php\/wp-json\/wp\/v2\/pages\/184\/revisions"}],"predecessor-version":[{"id":204,"href":"https:\/\/paulyszone.dk\/index.php\/wp-json\/wp\/v2\/pages\/184\/revisions\/204"}],"wp:attachment":[{"href":"https:\/\/paulyszone.dk\/index.php\/wp-json\/wp\/v2\/media?parent=184"}],"curies":[{"name":"wp","href":"https:\/\/api.w.org\/{rel}","templated":true}]}}